{"id":4289,"date":"2021-06-30T10:26:41","date_gmt":"2021-06-30T08:26:41","guid":{"rendered":"https:\/\/alaska.minedesign.eu\/impressum\/"},"modified":"2025-12-03T13:57:00","modified_gmt":"2025-12-03T12:57:00","slug":"note-legali","status":"publish","type":"page","link":"https:\/\/alaska-kuehlung.it\/it\/note-legali\/","title":{"rendered":"Note legali"},"content":{"rendered":"\t\t<div data-elementor-type=\"wp-page\" data-elementor-id=\"4289\" class=\"elementor elementor-4289 elementor-93\" data-elementor-post-type=\"page\">\n\t\t\t\t\t\t<section class=\"elementor-section elementor-top-section elementor-element elementor-element-1c1e4924 elementor-section-boxed elementor-section-height-default elementor-section-height-default\" data-id=\"1c1e4924\" data-element_type=\"section\" data-e-type=\"section\">\n\t\t\t\t\t\t<div class=\"elementor-container elementor-column-gap-default\">\n\t\t\t\t\t<div class=\"elementor-column elementor-col-33 elementor-top-column elementor-element elementor-element-24d79a49\" data-id=\"24d79a49\" data-element_type=\"column\" data-e-type=\"column\">\n\t\t\t<div class=\"elementor-widget-wrap elementor-element-populated\">\n\t\t\t\t\t\t<div data-dce-title-color=\"#363636\" class=\"elementor-element elementor-element-5e348ebd elementor-widget elementor-widget-heading\" data-id=\"5e348ebd\" data-element_type=\"widget\" data-e-type=\"widget\" data-widget_type=\"heading.default\">\n\t\t\t\t<div class=\"elementor-widget-container\">\n\t\t\t\t\t<h2 class=\"elementor-heading-title elementor-size-default\">Responsabile<\/h2>\t\t\t\t<\/div>\n\t\t\t\t<\/div>\n\t\t\t\t<div data-dce-text-color=\"#363636\" class=\"elementor-element elementor-element-335d3935 elementor-widget elementor-widget-text-editor\" data-id=\"335d3935\" data-element_type=\"widget\" data-e-type=\"widget\" data-widget_type=\"text-editor.default\">\n\t\t\t\t<div class=\"elementor-widget-container\">\n\t\t\t\t\t\t\t\t\t<p>Alaska K\u00fchlung Srl<br \/>Via Konrad-Lechner 7, 39040 Varna<br \/>T. +39 0472 201 226<br \/>info@alaska-kuehlung.it<br \/>alaska-kuehlung.it<br \/>Part.IVA: IT02238790212<br \/>SDI: T04ZHR3<\/p>\t\t\t\t\t\t\t\t<\/div>\n\t\t\t\t<\/div>\n\t\t\t\t\t<\/div>\n\t\t<\/div>\n\t\t\t\t<div class=\"elementor-column elementor-col-33 elementor-top-column elementor-element elementor-element-1345517c\" data-id=\"1345517c\" data-element_type=\"column\" data-e-type=\"column\">\n\t\t\t<div class=\"elementor-widget-wrap elementor-element-populated\">\n\t\t\t\t\t\t<div data-dce-title-color=\"#363636\" class=\"elementor-element elementor-element-395e01ae elementor-widget elementor-widget-heading\" data-id=\"395e01ae\" data-element_type=\"widget\" data-e-type=\"widget\" data-widget_type=\"heading.default\">\n\t\t\t\t<div class=\"elementor-widget-container\">\n\t\t\t\t\t<h2 class=\"elementor-heading-title elementor-size-default\">Design e realizzazione\n\n<\/h2>\t\t\t\t<\/div>\n\t\t\t\t<\/div>\n\t\t\t\t<div data-dce-text-color=\"#363636\" class=\"elementor-element elementor-element-157d2cd8 elementor-widget elementor-widget-text-editor\" data-id=\"157d2cd8\" data-element_type=\"widget\" data-e-type=\"widget\" data-widget_type=\"text-editor.default\">\n\t\t\t\t<div class=\"elementor-widget-container\">\n\t\t\t\t\t\t\t\t\t<p>Agenzia creativa Minedesign SNC<br \/>di Daniel Olivieri e Matthias Mur<br \/>Via Fraghes 6, 39043 Chiusa<br \/>T. 0472 847 216<br \/><a style=\"font-family: Roboto; font-size: 17px; font-weight: 300; color: #363636;\" href=\"mailto:info@minedesign.it\">info@minedesign.it<\/a><br \/><a style=\"font-family: Roboto; font-size: 17px; font-weight: 300; color: #363636;\" href=\"https:\/\/minedesign.it\" target=\"_blank\" rel=\"noopener\">minedesign.it<\/a><\/p>\t\t\t\t\t\t\t\t<\/div>\n\t\t\t\t<\/div>\n\t\t\t\t\t<\/div>\n\t\t<\/div>\n\t\t\t\t<div class=\"elementor-column elementor-col-33 elementor-top-column elementor-element elementor-element-674bdcd6\" data-id=\"674bdcd6\" data-element_type=\"column\" data-e-type=\"column\">\n\t\t\t<div class=\"elementor-widget-wrap elementor-element-populated\">\n\t\t\t\t\t\t<div data-dce-title-color=\"#363636\" class=\"elementor-element elementor-element-49942bcd elementor-widget elementor-widget-heading\" data-id=\"49942bcd\" data-element_type=\"widget\" data-e-type=\"widget\" data-widget_type=\"heading.default\">\n\t\t\t\t<div class=\"elementor-widget-container\">\n\t\t\t\t\t<h2 class=\"elementor-heading-title elementor-size-default\">Riferimento<\/h2>\t\t\t\t<\/div>\n\t\t\t\t<\/div>\n\t\t\t\t<div data-dce-text-color=\"#363636\" class=\"elementor-element elementor-element-22d44 elementor-widget elementor-widget-text-editor\" data-id=\"22d44\" data-element_type=\"widget\" data-e-type=\"widget\" data-widget_type=\"text-editor.default\">\n\t\t\t\t<div class=\"elementor-widget-container\">\n\t\t\t\t\t\t\t\t\t<p><strong>Foto, immagini e grafiche<\/strong><\/p>\n<p>\u00a9 Alaska K\u00fchlung Srl<\/p><p style=\"letter-spacing: 0.1px;\">\u00a9 Felix Bacher<\/p>\n<p>\u00a9 Liebherr<\/p>\n<p>\u00a9 Winterhalter<\/p>\n<p>Pixabay, Unsplash<br><strong><br>Testi<\/strong><\/p>\n<p>\u00a9 Alaska K\u00fchlung Srl<\/p>\t\t\t\t\t\t\t\t<\/div>\n\t\t\t\t<\/div>\n\t\t\t\t\t<\/div>\n\t\t<\/div>\n\t\t\t\t\t<\/div>\n\t\t<\/section>\n\t\t\t\t<section class=\"elementor-section elementor-top-section elementor-element elementor-element-1f650ca4 elementor-section-boxed elementor-section-height-default elementor-section-height-default\" data-id=\"1f650ca4\" data-element_type=\"section\" data-e-type=\"section\">\n\t\t\t\t\t\t<div class=\"elementor-container elementor-column-gap-default\">\n\t\t\t\t\t<div class=\"elementor-column elementor-col-100 elementor-top-column elementor-element elementor-element-a332ac3\" data-id=\"a332ac3\" data-element_type=\"column\" data-e-type=\"column\">\n\t\t\t<div class=\"elementor-widget-wrap elementor-element-populated\">\n\t\t\t\t\t\t<div data-dce-title-color=\"#353A3C\" class=\"elementor-element elementor-element-16ba6ed8 elementor-widget elementor-widget-heading\" data-id=\"16ba6ed8\" data-element_type=\"widget\" data-e-type=\"widget\" data-widget_type=\"heading.default\">\n\t\t\t\t<div class=\"elementor-widget-container\">\n\t\t\t\t\t<h2 class=\"elementor-heading-title elementor-size-default\">Dichiariazione liberatoria\n<\/h2>\t\t\t\t<\/div>\n\t\t\t\t<\/div>\n\t\t\t\t\t<\/div>\n\t\t<\/div>\n\t\t\t\t\t<\/div>\n\t\t<\/section>\n\t\t\t\t<section class=\"elementor-section elementor-top-section elementor-element elementor-element-42f6fe0b elementor-section-boxed elementor-section-height-default elementor-section-height-default\" data-id=\"42f6fe0b\" data-element_type=\"section\" data-e-type=\"section\">\n\t\t\t\t\t\t<div class=\"elementor-container elementor-column-gap-default\">\n\t\t\t\t\t<div class=\"elementor-column elementor-col-100 elementor-top-column elementor-element elementor-element-107299d8\" data-id=\"107299d8\" data-element_type=\"column\" data-e-type=\"column\">\n\t\t\t<div class=\"elementor-widget-wrap elementor-element-populated\">\n\t\t\t\t\t\t<div data-dce-title-color=\"#363636\" class=\"elementor-element elementor-element-768d8853 elementor-widget elementor-widget-heading\" data-id=\"768d8853\" data-element_type=\"widget\" data-e-type=\"widget\" data-widget_type=\"heading.default\">\n\t\t\t\t<div class=\"elementor-widget-container\">\n\t\t\t\t\t<h2 class=\"elementor-heading-title elementor-size-default\">Responsabilit\u00e0 per contenuti\n<\/h2>\t\t\t\t<\/div>\n\t\t\t\t<\/div>\n\t\t\t\t<div data-dce-text-color=\"#363636\" class=\"elementor-element elementor-element-748965a6 elementor-widget elementor-widget-text-editor\" data-id=\"748965a6\" data-element_type=\"widget\" data-e-type=\"widget\" data-widget_type=\"text-editor.default\">\n\t\t\t\t<div class=\"elementor-widget-container\">\n\t\t\t\t\t\t\t\t\t<p>I contenuti delle nostre pagine sono stati creati con la massima cura. Tuttavia, non ci assumiamo alcuna responsabilit\u00e0 per la correttezza, la completezza e l\u2019attualit\u00e0 dei contenuti. In qualit\u00e0 di fornitore di servizi, siamo responsabili dei contenuti di queste pagine in conformit\u00e0 con le leggi generali. Tuttavia, in qualit\u00e0 di fornitore di servizi, non siamo obbligati a controllare le informazioni trasmesse o memorizzate da terzi o a indagare su circostanze che indicano un\u2019attivit\u00e0 illegale. L\u2019obbligo di rimuovere o bloccare l\u2019uso delle informazioni in conformit\u00e0 alle leggi generali rimane inalterato. Tuttavia, la responsabilit\u00e0 a tale riguardo \u00e8 possibile solo a partire dal momento in cui si viene a conoscenza di una violazione concreta della legge. Non appena veniamo a conoscenza di tali violazioni, provvederemo a rimuovere immediatamente questi contenuti.<\/p>\t\t\t\t\t\t\t\t<\/div>\n\t\t\t\t<\/div>\n\t\t\t\t\t<\/div>\n\t\t<\/div>\n\t\t\t\t\t<\/div>\n\t\t<\/section>\n\t\t\t\t<section class=\"elementor-section elementor-top-section elementor-element elementor-element-574400a elementor-section-boxed elementor-section-height-default elementor-section-height-default\" data-id=\"574400a\" data-element_type=\"section\" data-e-type=\"section\">\n\t\t\t\t\t\t<div class=\"elementor-container elementor-column-gap-default\">\n\t\t\t\t\t<div class=\"elementor-column elementor-col-100 elementor-top-column elementor-element elementor-element-17059e43\" data-id=\"17059e43\" data-element_type=\"column\" data-e-type=\"column\">\n\t\t\t<div class=\"elementor-widget-wrap elementor-element-populated\">\n\t\t\t\t\t\t<div data-dce-title-color=\"#363636\" class=\"elementor-element elementor-element-3f077e7a elementor-widget elementor-widget-heading\" data-id=\"3f077e7a\" data-element_type=\"widget\" data-e-type=\"widget\" data-widget_type=\"heading.default\">\n\t\t\t\t<div class=\"elementor-widget-container\">\n\t\t\t\t\t<h2 class=\"elementor-heading-title elementor-size-default\">Responsabilit\u00e0 per i link\n<\/h2>\t\t\t\t<\/div>\n\t\t\t\t<\/div>\n\t\t\t\t<div data-dce-text-color=\"#363636\" class=\"elementor-element elementor-element-350b463e elementor-widget elementor-widget-text-editor\" data-id=\"350b463e\" data-element_type=\"widget\" data-e-type=\"widget\" data-widget_type=\"text-editor.default\">\n\t\t\t\t<div class=\"elementor-widget-container\">\n\t\t\t\t\t\t\t\t\t<p>La nostra offerta contiene link a siti web esterni di terzi, sui cui contenuti non abbiamo alcuna influenza. Pertanto, non possiamo assumerci alcuna responsabilit\u00e0 per questi contenuti esterni. Il rispettivo fornitore o gestore delle pagine \u00e8 sempre responsabile dei contenuti delle pagine collegate. Le pagine collegate sono state controllate per verificare l\u2019assenza di possibili infrazioni legali al momento del collegamento. I contenuti illegali non erano riconoscibili al momento del collegamento. Tuttavia, un controllo permanente dei contenuti delle pagine collegate non \u00e8 ragionevole senza prove concrete di una violazione della legge. Noi rimuoveremo tali link immediatamente dopo essere venuti a conoscenza di eventuali violazioni della legge.<\/p>\t\t\t\t\t\t\t\t<\/div>\n\t\t\t\t<\/div>\n\t\t\t\t\t<\/div>\n\t\t<\/div>\n\t\t\t\t\t<\/div>\n\t\t<\/section>\n\t\t\t\t<section class=\"elementor-section elementor-top-section elementor-element elementor-element-3961b9cf elementor-section-boxed elementor-section-height-default elementor-section-height-default\" data-id=\"3961b9cf\" data-element_type=\"section\" data-e-type=\"section\">\n\t\t\t\t\t\t<div class=\"elementor-container elementor-column-gap-default\">\n\t\t\t\t\t<div class=\"elementor-column elementor-col-100 elementor-top-column elementor-element elementor-element-4f18a5e9\" data-id=\"4f18a5e9\" data-element_type=\"column\" data-e-type=\"column\">\n\t\t\t<div class=\"elementor-widget-wrap elementor-element-populated\">\n\t\t\t\t\t\t<div data-dce-title-color=\"#363636\" class=\"elementor-element elementor-element-4b00c29c elementor-widget elementor-widget-heading\" data-id=\"4b00c29c\" data-element_type=\"widget\" data-e-type=\"widget\" data-widget_type=\"heading.default\">\n\t\t\t\t<div class=\"elementor-widget-container\">\n\t\t\t\t\t<h2 class=\"elementor-heading-title elementor-size-default\">Copyright<\/h2>\t\t\t\t<\/div>\n\t\t\t\t<\/div>\n\t\t\t\t<div data-dce-text-color=\"#363636\" class=\"elementor-element elementor-element-33840500 elementor-widget elementor-widget-text-editor\" data-id=\"33840500\" data-element_type=\"widget\" data-e-type=\"widget\" data-widget_type=\"text-editor.default\">\n\t\t\t\t<div class=\"elementor-widget-container\">\n\t\t\t\t\t\t\t\t\t<p>I contenuti e le opere presenti su queste pagine create dal proprietario del sito web e da terzi con accesso amministratore sono soggetti a copyright. La duplicazione, l\u2019elaborazione, la distribuzione e qualsiasi forma di commercializzazione di tale materiale al di fuori dell\u2019ambito della legge sul diritto d\u2019autore richiede il previo consenso scritto del rispettivo autore o creatore. Il download e le copie di queste pagine sono consentiti solo per uso privato e non commerciale. Nella misura in cui il contenuto di questo sito non \u00e8 stato creato dal gestore, i diritti d\u2019autore di terzi sono rispettati. In particolare, i contenuti di terzi sono contrassegnati come tali. Qualora venisse comunque a conoscenza di una violazione del diritto d\u2019autore, la preghiamo di informarci di conseguenza. Non appena ci rendiamo conto di eventuali violazioni della legge, elimineremo immediatamente tali contenuti.<\/p>\t\t\t\t\t\t\t\t<\/div>\n\t\t\t\t<\/div>\n\t\t\t\t\t<\/div>\n\t\t<\/div>\n\t\t\t\t\t<\/div>\n\t\t<\/section>\n\t\t\t\t<\/div>\n\t\t","protected":false},"excerpt":{"rendered":"<p>Responsabile Alaska K\u00fchlung SrlVia Konrad-Lechner 7, 39040 VarnaT. +39 0472 201 226info@alaska-kuehlung.italaska-kuehlung.itPart.IVA: IT02238790212SDI: T04ZHR3 Design e realizzazione Agenzia creativa Minedesign SNCdi Daniel Olivieri e Matthias MurVia Fraghes 6, 39043 ChiusaT. 0472 847 216info@minedesign.itminedesign.it Riferimento Foto, immagini e grafiche \u00a9 Alaska K\u00fchlung Srl \u00a9 Felix Bacher \u00a9 Liebherr \u00a9 Winterhalter Pixabay, UnsplashTesti \u00a9 Alaska K\u00fchlung Srl [&hellip;]<\/p>\n","protected":false},"author":1,"featured_media":0,"parent":0,"menu_order":0,"comment_status":"closed","ping_status":"closed","template":"elementor_header_footer","meta":{"footnotes":""},"class_list":["post-4289","page","type-page","status-publish","hentry"],"yoast_head":"<!-- This site is optimized with the Yoast SEO plugin v27.3 - https:\/\/yoast.com\/product\/yoast-seo-wordpress\/ -->\n<title>Note legali | Alaska<\/title>\n<meta name=\"description\" content=\"Planung &amp; Montage von Buffetanlagen, Enbauk\u00fchlm\u00f6bel, K\u00fchlzellen, K\u00fchltische, Verbundanlagen, W\u00e4rmer\u00fcckgewinnungsanlagen.\" \/>\n<meta name=\"robots\" content=\"noindex, nofollow\" \/>\n<meta property=\"og:locale\" content=\"it_IT\" \/>\n<meta property=\"og:type\" content=\"article\" \/>\n<meta property=\"og:title\" content=\"Note legali | Alaska\" \/>\n<meta property=\"og:description\" content=\"Planung &amp; Montage von Buffetanlagen, Enbauk\u00fchlm\u00f6bel, K\u00fchlzellen, K\u00fchltische, Verbundanlagen, W\u00e4rmer\u00fcckgewinnungsanlagen.\" \/>\n<meta property=\"og:url\" content=\"https:\/\/alaska-kuehlung.it\/it\/note-legali\/\" \/>\n<meta property=\"og:site_name\" content=\"Alaska\" \/>\n<meta property=\"article:modified_time\" content=\"2025-12-03T12:57:00+00:00\" \/>\n<meta name=\"twitter:card\" content=\"summary_large_image\" \/>\n<meta name=\"twitter:label1\" content=\"Tempo di lettura stimato\" \/>\n\t<meta name=\"twitter:data1\" content=\"3 minuti\" \/>\n<script type=\"application\/ld+json\" class=\"yoast-schema-graph\">{\"@context\":\"https:\\\/\\\/schema.org\",\"@graph\":[{\"@type\":\"WebPage\",\"@id\":\"https:\\\/\\\/alaska-kuehlung.it\\\/it\\\/note-legali\\\/\",\"url\":\"https:\\\/\\\/alaska-kuehlung.it\\\/it\\\/note-legali\\\/\",\"name\":\"Note legali | Alaska\",\"isPartOf\":{\"@id\":\"https:\\\/\\\/alaska-kuehlung.it\\\/#website\"},\"datePublished\":\"2021-06-30T08:26:41+00:00\",\"dateModified\":\"2025-12-03T12:57:00+00:00\",\"description\":\"Planung & Montage von Buffetanlagen, Enbauk\u00fchlm\u00f6bel, K\u00fchlzellen, K\u00fchltische, Verbundanlagen, W\u00e4rmer\u00fcckgewinnungsanlagen.\",\"breadcrumb\":{\"@id\":\"https:\\\/\\\/alaska-kuehlung.it\\\/it\\\/note-legali\\\/#breadcrumb\"},\"inLanguage\":\"it-IT\",\"potentialAction\":[{\"@type\":\"ReadAction\",\"target\":[\"https:\\\/\\\/alaska-kuehlung.it\\\/it\\\/note-legali\\\/\"]}]},{\"@type\":\"BreadcrumbList\",\"@id\":\"https:\\\/\\\/alaska-kuehlung.it\\\/it\\\/note-legali\\\/#breadcrumb\",\"itemListElement\":[{\"@type\":\"ListItem\",\"position\":1,\"name\":\"Startseite\",\"item\":\"https:\\\/\\\/alaska-kuehlung.it\\\/it\\\/\"},{\"@type\":\"ListItem\",\"position\":2,\"name\":\"Note legali\"}]},{\"@type\":\"WebSite\",\"@id\":\"https:\\\/\\\/alaska-kuehlung.it\\\/#website\",\"url\":\"https:\\\/\\\/alaska-kuehlung.it\\\/\",\"name\":\"Alaska\",\"description\":\"K\u00fchlung\",\"publisher\":{\"@id\":\"https:\\\/\\\/alaska-kuehlung.it\\\/#organization\"},\"potentialAction\":[{\"@type\":\"SearchAction\",\"target\":{\"@type\":\"EntryPoint\",\"urlTemplate\":\"https:\\\/\\\/alaska-kuehlung.it\\\/?s={search_term_string}\"},\"query-input\":{\"@type\":\"PropertyValueSpecification\",\"valueRequired\":true,\"valueName\":\"search_term_string\"}}],\"inLanguage\":\"it-IT\"},{\"@type\":\"Organization\",\"@id\":\"https:\\\/\\\/alaska-kuehlung.it\\\/#organization\",\"name\":\"Alaska K\u00fchlung\",\"url\":\"https:\\\/\\\/alaska-kuehlung.it\\\/\",\"logo\":{\"@type\":\"ImageObject\",\"inLanguage\":\"it-IT\",\"@id\":\"https:\\\/\\\/alaska-kuehlung.it\\\/#\\\/schema\\\/logo\\\/image\\\/\",\"url\":\"https:\\\/\\\/alaska-kuehlung.it\\\/wp-content\\\/uploads\\\/2021\\\/06\\\/Alaska-Kuehlung-Suedtirol.svg\",\"contentUrl\":\"https:\\\/\\\/alaska-kuehlung.it\\\/wp-content\\\/uploads\\\/2021\\\/06\\\/Alaska-Kuehlung-Suedtirol.svg\",\"width\":1,\"height\":1,\"caption\":\"Alaska K\u00fchlung\"},\"image\":{\"@id\":\"https:\\\/\\\/alaska-kuehlung.it\\\/#\\\/schema\\\/logo\\\/image\\\/\"}}]}<\/script>\n<!-- \/ Yoast SEO plugin. -->","yoast_head_json":{"title":"Note legali | Alaska","description":"Planung & Montage von Buffetanlagen, Enbauk\u00fchlm\u00f6bel, K\u00fchlzellen, K\u00fchltische, Verbundanlagen, W\u00e4rmer\u00fcckgewinnungsanlagen.","robots":{"index":"noindex","follow":"nofollow"},"og_locale":"it_IT","og_type":"article","og_title":"Note legali | Alaska","og_description":"Planung & Montage von Buffetanlagen, Enbauk\u00fchlm\u00f6bel, K\u00fchlzellen, K\u00fchltische, Verbundanlagen, W\u00e4rmer\u00fcckgewinnungsanlagen.","og_url":"https:\/\/alaska-kuehlung.it\/it\/note-legali\/","og_site_name":"Alaska","article_modified_time":"2025-12-03T12:57:00+00:00","twitter_card":"summary_large_image","twitter_misc":{"Tempo di lettura stimato":"3 minuti"},"schema":{"@context":"https:\/\/schema.org","@graph":[{"@type":"WebPage","@id":"https:\/\/alaska-kuehlung.it\/it\/note-legali\/","url":"https:\/\/alaska-kuehlung.it\/it\/note-legali\/","name":"Note legali | Alaska","isPartOf":{"@id":"https:\/\/alaska-kuehlung.it\/#website"},"datePublished":"2021-06-30T08:26:41+00:00","dateModified":"2025-12-03T12:57:00+00:00","description":"Planung & Montage von Buffetanlagen, Enbauk\u00fchlm\u00f6bel, K\u00fchlzellen, K\u00fchltische, Verbundanlagen, W\u00e4rmer\u00fcckgewinnungsanlagen.","breadcrumb":{"@id":"https:\/\/alaska-kuehlung.it\/it\/note-legali\/#breadcrumb"},"inLanguage":"it-IT","potentialAction":[{"@type":"ReadAction","target":["https:\/\/alaska-kuehlung.it\/it\/note-legali\/"]}]},{"@type":"BreadcrumbList","@id":"https:\/\/alaska-kuehlung.it\/it\/note-legali\/#breadcrumb","itemListElement":[{"@type":"ListItem","position":1,"name":"Startseite","item":"https:\/\/alaska-kuehlung.it\/it\/"},{"@type":"ListItem","position":2,"name":"Note legali"}]},{"@type":"WebSite","@id":"https:\/\/alaska-kuehlung.it\/#website","url":"https:\/\/alaska-kuehlung.it\/","name":"Alaska","description":"K\u00fchlung","publisher":{"@id":"https:\/\/alaska-kuehlung.it\/#organization"},"potentialAction":[{"@type":"SearchAction","target":{"@type":"EntryPoint","urlTemplate":"https:\/\/alaska-kuehlung.it\/?s={search_term_string}"},"query-input":{"@type":"PropertyValueSpecification","valueRequired":true,"valueName":"search_term_string"}}],"inLanguage":"it-IT"},{"@type":"Organization","@id":"https:\/\/alaska-kuehlung.it\/#organization","name":"Alaska K\u00fchlung","url":"https:\/\/alaska-kuehlung.it\/","logo":{"@type":"ImageObject","inLanguage":"it-IT","@id":"https:\/\/alaska-kuehlung.it\/#\/schema\/logo\/image\/","url":"https:\/\/alaska-kuehlung.it\/wp-content\/uploads\/2021\/06\/Alaska-Kuehlung-Suedtirol.svg","contentUrl":"https:\/\/alaska-kuehlung.it\/wp-content\/uploads\/2021\/06\/Alaska-Kuehlung-Suedtirol.svg","width":1,"height":1,"caption":"Alaska K\u00fchlung"},"image":{"@id":"https:\/\/alaska-kuehlung.it\/#\/schema\/logo\/image\/"}}]}},"_links":{"self":[{"href":"https:\/\/alaska-kuehlung.it\/it\/wp-json\/wp\/v2\/pages\/4289","targetHints":{"allow":["GET"]}}],"collection":[{"href":"https:\/\/alaska-kuehlung.it\/it\/wp-json\/wp\/v2\/pages"}],"about":[{"href":"https:\/\/alaska-kuehlung.it\/it\/wp-json\/wp\/v2\/types\/page"}],"author":[{"embeddable":true,"href":"https:\/\/alaska-kuehlung.it\/it\/wp-json\/wp\/v2\/users\/1"}],"replies":[{"embeddable":true,"href":"https:\/\/alaska-kuehlung.it\/it\/wp-json\/wp\/v2\/comments?post=4289"}],"version-history":[{"count":6,"href":"https:\/\/alaska-kuehlung.it\/it\/wp-json\/wp\/v2\/pages\/4289\/revisions"}],"predecessor-version":[{"id":5141,"href":"https:\/\/alaska-kuehlung.it\/it\/wp-json\/wp\/v2\/pages\/4289\/revisions\/5141"}],"wp:attachment":[{"href":"https:\/\/alaska-kuehlung.it\/it\/wp-json\/wp\/v2\/media?parent=4289"}],"curies":[{"name":"wp","href":"https:\/\/api.w.org\/{rel}","templated":true}]}}