{"id":4281,"date":"2021-07-09T09:29:51","date_gmt":"2021-07-09T07:29:51","guid":{"rendered":"https:\/\/alaska.minedesign.eu\/planung-kundendienst\/"},"modified":"2023-06-23T09:53:32","modified_gmt":"2023-06-23T07:53:32","slug":"pianificazione-e-servizio-clienti","status":"publish","type":"page","link":"https:\/\/alaska-kuehlung.it\/it\/pianificazione-e-servizio-clienti\/","title":{"rendered":"PIANIFICAZIONE E SERVIZI"},"content":{"rendered":"\t\t<div data-elementor-type=\"wp-page\" data-elementor-id=\"4281\" class=\"elementor elementor-4281 elementor-770\" data-elementor-post-type=\"page\">\n\t\t\t\t\t\t<section class=\"elementor-section elementor-top-section elementor-element elementor-element-3615dce elementor-section-full_width elementor-section-height-min-height elementor-section-height-default elementor-section-items-middle\" data-id=\"3615dce\" data-element_type=\"section\" data-e-type=\"section\">\n\t\t\t\t\t\t<div class=\"elementor-container elementor-column-gap-default\">\n\t\t\t\t\t<div class=\"elementor-column elementor-col-100 elementor-top-column elementor-element elementor-element-661e402\" data-id=\"661e402\" data-element_type=\"column\" data-e-type=\"column\">\n\t\t\t<div class=\"elementor-widget-wrap elementor-element-populated\">\n\t\t\t\t\t\t<div class=\"elementor-element elementor-element-7aa405b elementor-widget elementor-widget-template\" data-id=\"7aa405b\" data-element_type=\"widget\" data-e-type=\"widget\" data-widget_type=\"template.default\">\n\t\t\t\t<div class=\"elementor-widget-container\">\n\t\t\t\t\t\t\t<div class=\"elementor-template\">\n\t\t\t\t\t<div data-elementor-type=\"section\" data-elementor-id=\"3053\" class=\"elementor elementor-3053\" data-elementor-post-type=\"elementor_library\">\n\t\t\t\t\t<section class=\"elementor-section elementor-top-section elementor-element elementor-element-4f36911e elementor-section-full_width elementor-section-height-min-height elementor-section-height-default elementor-section-items-middle\" data-id=\"4f36911e\" data-element_type=\"section\" data-e-type=\"section\" data-settings=\"{&quot;background_background&quot;:&quot;slideshow&quot;,&quot;background_slideshow_gallery&quot;:[{&quot;id&quot;:4783,&quot;url&quot;:&quot;https:\\\/\\\/alaska-kuehlung.it\\\/wp-content\\\/uploads\\\/2023\\\/06\\\/ALASKA_KUEHLUNG_Fotoshooting-\\u00a9BacherFelix-8219.jpg&quot;},{&quot;id&quot;:4775,&quot;url&quot;:&quot;https:\\\/\\\/alaska-kuehlung.it\\\/wp-content\\\/uploads\\\/2023\\\/06\\\/ALASKA_KUEHLUNG_Fotoshooting-\\u00a9BacherFelix-8144.jpg&quot;},{&quot;id&quot;:4767,&quot;url&quot;:&quot;https:\\\/\\\/alaska-kuehlung.it\\\/wp-content\\\/uploads\\\/2023\\\/06\\\/ALASKA_KUEHLUNG_Fotoshooting-\\u00a9BacherFelix-7936.jpg&quot;}],&quot;background_slideshow_slide_duration&quot;:4500,&quot;background_slideshow_loop&quot;:&quot;yes&quot;,&quot;background_slideshow_slide_transition&quot;:&quot;fade&quot;,&quot;background_slideshow_transition_duration&quot;:500}\">\n\t\t\t\t\t\t<div class=\"elementor-container elementor-column-gap-default\">\n\t\t\t\t\t<div class=\"elementor-column elementor-col-100 elementor-top-column elementor-element elementor-element-2d5cf7f8\" data-id=\"2d5cf7f8\" data-element_type=\"column\" data-e-type=\"column\">\n\t\t\t<div class=\"elementor-widget-wrap\">\n\t\t\t\t\t\t\t<\/div>\n\t\t<\/div>\n\t\t\t\t\t<\/div>\n\t\t<\/section>\n\t\t\t\t<\/div>\n\t\t\t\t<\/div>\n\t\t\t\t\t\t<\/div>\n\t\t\t\t<\/div>\n\t\t\t\t\t<\/div>\n\t\t<\/div>\n\t\t\t\t\t<\/div>\n\t\t<\/section>\n\t\t\t\t<section data-dce-background-color=\"#35AAE1\" class=\"elementor-section elementor-top-section elementor-element elementor-element-26452a26 elementor-section-full_width elementor-section-height-min-height elementor-section-height-default elementor-section-items-middle\" data-id=\"26452a26\" data-element_type=\"section\" data-e-type=\"section\" data-settings=\"{&quot;background_background&quot;:&quot;gradient&quot;}\">\n\t\t\t\t\t\t<div class=\"elementor-container elementor-column-gap-default\">\n\t\t\t\t\t<div class=\"elementor-column elementor-col-100 elementor-top-column elementor-element elementor-element-412730e7\" data-id=\"412730e7\" data-element_type=\"column\" data-e-type=\"column\">\n\t\t\t<div class=\"elementor-widget-wrap elementor-element-populated\">\n\t\t\t\t\t\t<div data-dce-title-color=\"#FFFFFF3D\" class=\"elementor-element elementor-element-739572e elementor-headline--style-rotate elementor-widget elementor-widget-animated-headline\" data-id=\"739572e\" data-element_type=\"widget\" data-e-type=\"widget\" data-settings=\"{&quot;headline_style&quot;:&quot;rotate&quot;,&quot;animation_type&quot;:&quot;swirl&quot;,&quot;rotate_iteration_delay&quot;:2000,&quot;loop&quot;:&quot;yes&quot;}\" data-widget_type=\"animated-headline.default\">\n\t\t\t\t<div class=\"elementor-widget-container\">\n\t\t\t\t\t\t\t<h3 class=\"elementor-headline elementor-headline-animation-type-swirl elementor-headline-letters\">\n\t\t\t\t\t<span class=\"elementor-headline-plain-text elementor-headline-text-wrapper\">SERVIZI<\/span>\n\t\t\t\t<span class=\"elementor-headline-dynamic-wrapper elementor-headline-text-wrapper\">\n\t\t\t\t<\/span>\n\t\t\t\t<\/h3>\n\t\t\t\t\t\t<\/div>\n\t\t\t\t<\/div>\n\t\t\t\t\t<\/div>\n\t\t<\/div>\n\t\t\t\t\t<\/div>\n\t\t<\/section>\n\t\t\t\t<section class=\"elementor-section elementor-top-section elementor-element elementor-element-37386114 elementor-section-boxed elementor-section-height-default elementor-section-height-default\" data-id=\"37386114\" data-element_type=\"section\" data-e-type=\"section\">\n\t\t\t\t\t\t<div class=\"elementor-container elementor-column-gap-default\">\n\t\t\t\t\t<div data-dce-background-color=\"#35AAE1\" data-dce-background-image-url=\"https:\/\/alaska-kuehlung.it\/wp-content\/uploads\/2023\/06\/ALASKA_KUEHLUNG_Fotoshooting-\u00a9BacherFelix-8168.jpg\" class=\"elementor-column elementor-col-50 elementor-top-column elementor-element elementor-element-1a17b058 animated-slow elementor-invisible\" data-id=\"1a17b058\" data-element_type=\"column\" data-e-type=\"column\" data-settings=\"{&quot;background_background&quot;:&quot;classic&quot;,&quot;animation&quot;:&quot;slideInLeft&quot;,&quot;animation_delay&quot;:200}\">\n\t\t\t<div class=\"elementor-widget-wrap elementor-element-populated\">\n\t\t\t\t\t\t<div class=\"elementor-element elementor-element-58ebff9 elementor-widget elementor-widget-spacer\" data-id=\"58ebff9\" data-element_type=\"widget\" data-e-type=\"widget\" data-widget_type=\"spacer.default\">\n\t\t\t\t<div class=\"elementor-widget-container\">\n\t\t\t\t\t\t\t<div class=\"elementor-spacer\">\n\t\t\t<div class=\"elementor-spacer-inner\"><\/div>\n\t\t<\/div>\n\t\t\t\t\t\t<\/div>\n\t\t\t\t<\/div>\n\t\t\t\t\t<\/div>\n\t\t<\/div>\n\t\t\t\t<div data-dce-background-color=\"#35AAE1\" class=\"elementor-column elementor-col-50 elementor-top-column elementor-element elementor-element-1c27b079 animated-slow elementor-invisible\" data-id=\"1c27b079\" data-element_type=\"column\" data-e-type=\"column\" data-settings=\"{&quot;animation&quot;:&quot;slideInUp&quot;,&quot;animation_delay&quot;:500,&quot;background_background&quot;:&quot;classic&quot;}\">\n\t\t\t<div class=\"elementor-widget-wrap elementor-element-populated\">\n\t\t\t\t\t\t<div class=\"elementor-element elementor-element-2961fe0 elementor-view-default elementor-widget elementor-widget-icon\" data-id=\"2961fe0\" data-element_type=\"widget\" data-e-type=\"widget\" data-widget_type=\"icon.default\">\n\t\t\t\t<div class=\"elementor-widget-container\">\n\t\t\t\t\t\t\t<div class=\"elementor-icon-wrapper\">\n\t\t\t<div class=\"elementor-icon\">\n\t\t\t<i aria-hidden=\"true\" class=\"fas fa-tools\"><\/i>\t\t\t<\/div>\n\t\t<\/div>\n\t\t\t\t\t\t<\/div>\n\t\t\t\t<\/div>\n\t\t\t\t<div data-dce-title-color=\"#FFFFFF\" class=\"elementor-element elementor-element-68d6cb6 elementor-widget elementor-widget-heading\" data-id=\"68d6cb6\" data-element_type=\"widget\" data-e-type=\"widget\" data-widget_type=\"heading.default\">\n\t\t\t\t<div class=\"elementor-widget-container\">\n\t\t\t\t\t<h2 class=\"elementor-heading-title elementor-size-default\">Come lavoriamo<\/h2>\t\t\t\t<\/div>\n\t\t\t\t<\/div>\n\t\t\t\t<div data-dce-text-color=\"#FFFFFF\" class=\"elementor-element elementor-element-a2271bf elementor-widget elementor-widget-text-editor\" data-id=\"a2271bf\" data-element_type=\"widget\" data-e-type=\"widget\" data-widget_type=\"text-editor.default\">\n\t\t\t\t<div class=\"elementor-widget-container\">\n\t\t\t\t\t\t\t\t\t<p>A nostro avviso fornire un&#8217;assistenza clienti professionale \u00e8 di estrema importanza anche dopo l&#8217;acquisto: i nostri tecnici esperti lavorano in modo rapido ed affidabile. Eseguono qualsiasi opera di manutenzione cos\u00ec come i necessari interventi di routine in maniera puntuale \u2013 e questo anche di domenica e nei giorni festivi, basta una telefonata. Cos\u00ec potete concentrarvi sul vostro lavoro senza alcun pensiero!<\/p>\t\t\t\t\t\t\t\t<\/div>\n\t\t\t\t<\/div>\n\t\t\t\t<section class=\"elementor-section elementor-inner-section elementor-element elementor-element-3c2940d elementor-section-content-middle elementor-section-boxed elementor-section-height-default elementor-section-height-default\" data-id=\"3c2940d\" data-element_type=\"section\" data-e-type=\"section\">\n\t\t\t\t\t\t<div class=\"elementor-container elementor-column-gap-default\">\n\t\t\t\t\t<div class=\"elementor-column elementor-col-50 elementor-inner-column elementor-element elementor-element-bc962ea\" data-id=\"bc962ea\" data-element_type=\"column\" data-e-type=\"column\">\n\t\t\t<div class=\"elementor-widget-wrap elementor-element-populated\">\n\t\t\t\t\t\t<div class=\"elementor-element elementor-element-4883765 elementor-align-left elementor-mobile-align-left elementor-widget elementor-widget-button\" data-id=\"4883765\" data-element_type=\"widget\" data-e-type=\"widget\" data-widget_type=\"button.default\">\n\t\t\t\t<div class=\"elementor-widget-container\">\n\t\t\t\t\t\t\t\t\t<div class=\"elementor-button-wrapper\">\n\t\t\t\t\t<a class=\"elementor-button elementor-button-link elementor-size-sm\" href=\"#elementor-action%3Aaction%3Dpopup%3Aopen%26settings%3DeyJpZCI6NDUxNywidG9nZ2xlIjpmYWxzZX0%3D\">\n\t\t\t\t\t\t<span class=\"elementor-button-content-wrapper\">\n\t\t\t\t\t\t\t\t\t<span class=\"elementor-button-text\">Modulo di contatto<\/span>\n\t\t\t\t\t<\/span>\n\t\t\t\t\t<\/a>\n\t\t\t\t<\/div>\n\t\t\t\t\t\t\t\t<\/div>\n\t\t\t\t<\/div>\n\t\t\t\t\t<\/div>\n\t\t<\/div>\n\t\t\t\t<div class=\"elementor-column elementor-col-50 elementor-inner-column elementor-element elementor-element-f8ba48e\" data-id=\"f8ba48e\" data-element_type=\"column\" data-e-type=\"column\">\n\t\t\t<div class=\"elementor-widget-wrap elementor-element-populated\">\n\t\t\t\t\t\t<div data-dce-text-color=\"#ffffff\" class=\"elementor-element elementor-element-cb825af elementor-icon-list--layout-inline elementor-mobile-align-start elementor-align-end elementor-list-item-link-full_width elementor-widget elementor-widget-icon-list\" data-id=\"cb825af\" data-element_type=\"widget\" data-e-type=\"widget\" data-widget_type=\"icon-list.default\">\n\t\t\t\t<div class=\"elementor-widget-container\">\n\t\t\t\t\t\t\t<ul class=\"elementor-icon-list-items elementor-inline-items\">\n\t\t\t\t\t\t\t<li class=\"elementor-icon-list-item elementor-inline-item\">\n\t\t\t\t\t\t\t\t\t\t\t<a href=\"https:\/\/wa.me\/390472201226\">\n\n\t\t\t\t\t\t\t\t\t\t\t\t<span class=\"elementor-icon-list-icon\">\n\t\t\t\t\t\t\t<i aria-hidden=\"true\" class=\"fab fa-whatsapp\"><\/i>\t\t\t\t\t\t<\/span>\n\t\t\t\t\t\t\t\t\t\t<span class=\"elementor-icon-list-text\"><\/span>\n\t\t\t\t\t\t\t\t\t\t\t<\/a>\n\t\t\t\t\t\t\t\t\t<\/li>\n\t\t\t\t\t\t\t\t<li class=\"elementor-icon-list-item elementor-inline-item\">\n\t\t\t\t\t\t\t\t\t\t\t<a href=\"tel:390472201226\">\n\n\t\t\t\t\t\t\t\t\t\t\t\t<span class=\"elementor-icon-list-icon\">\n\t\t\t\t\t\t\t<i aria-hidden=\"true\" class=\"fas fa-phone-alt\"><\/i>\t\t\t\t\t\t<\/span>\n\t\t\t\t\t\t\t\t\t\t<span class=\"elementor-icon-list-text\">+39 0472 201 226<\/span>\n\t\t\t\t\t\t\t\t\t\t\t<\/a>\n\t\t\t\t\t\t\t\t\t<\/li>\n\t\t\t\t\t\t<\/ul>\n\t\t\t\t\t\t<\/div>\n\t\t\t\t<\/div>\n\t\t\t\t\t<\/div>\n\t\t<\/div>\n\t\t\t\t\t<\/div>\n\t\t<\/section>\n\t\t\t\t\t<\/div>\n\t\t<\/div>\n\t\t\t\t\t<\/div>\n\t\t<\/section>\n\t\t\t\t<section class=\"elementor-section elementor-top-section elementor-element elementor-element-9b32822 elementor-reverse-mobile elementor-section-boxed elementor-section-height-default elementor-section-height-default\" data-id=\"9b32822\" data-element_type=\"section\" data-e-type=\"section\">\n\t\t\t\t\t\t<div class=\"elementor-container elementor-column-gap-default\">\n\t\t\t\t\t<div class=\"elementor-column elementor-col-50 elementor-top-column elementor-element elementor-element-5f29a5c animated-slow elementor-invisible\" data-id=\"5f29a5c\" data-element_type=\"column\" data-e-type=\"column\" data-settings=\"{&quot;animation&quot;:&quot;slideInUp&quot;,&quot;animation_delay&quot;:500,&quot;background_background&quot;:&quot;classic&quot;}\">\n\t\t\t<div class=\"elementor-widget-wrap elementor-element-populated\">\n\t\t\t\t\t\t<div class=\"elementor-element elementor-element-82d7107 elementor-view-default elementor-widget elementor-widget-icon\" data-id=\"82d7107\" data-element_type=\"widget\" data-e-type=\"widget\" data-widget_type=\"icon.default\">\n\t\t\t\t<div class=\"elementor-widget-container\">\n\t\t\t\t\t\t\t<div class=\"elementor-icon-wrapper\">\n\t\t\t<div class=\"elementor-icon\">\n\t\t\t<i aria-hidden=\"true\" class=\"fas fa-ruler-combined\"><\/i>\t\t\t<\/div>\n\t\t<\/div>\n\t\t\t\t\t\t<\/div>\n\t\t\t\t<\/div>\n\t\t\t\t<div data-dce-title-color=\"#FFFFFF\" class=\"elementor-element elementor-element-d611721 elementor-widget elementor-widget-heading\" data-id=\"d611721\" data-element_type=\"widget\" data-e-type=\"widget\" data-widget_type=\"heading.default\">\n\t\t\t\t<div class=\"elementor-widget-container\">\n\t\t\t\t\t<h2 class=\"elementor-heading-title elementor-size-default\">PIANIFICAZIONE<br>\nKnow-how e progettualit\u00e0\n<\/h2>\t\t\t\t<\/div>\n\t\t\t\t<\/div>\n\t\t\t\t<div data-dce-text-color=\"#FFFFFF\" class=\"elementor-element elementor-element-bf51cdd elementor-widget elementor-widget-text-editor\" data-id=\"bf51cdd\" data-element_type=\"widget\" data-e-type=\"widget\" data-widget_type=\"text-editor.default\">\n\t\t\t\t<div class=\"elementor-widget-container\">\n\t\t\t\t\t\t\t\t\t<p>Pianificare con professionalit\u00e0 \u00e8 il cuore del nostro lavoro. Designer d&#8217;interni e professionisti di centrali frigorifere lavorano in squadra, unendo cos\u00ec l\u2019estetica alla tecnologia. Materiali, forme e colori si fondono in un tutt&#8217;uno: non capiter\u00e0 mai che le vostre centrali frigorifere in acciaio inox vengano scambiate per un banale ferrovecchio.<\/p>\t\t\t\t\t\t\t\t<\/div>\n\t\t\t\t<\/div>\n\t\t\t\t\t<\/div>\n\t\t<\/div>\n\t\t\t\t<div data-dce-background-color=\"#35AAE1\" data-dce-background-image-url=\"https:\/\/alaska-kuehlung.it\/wp-content\/uploads\/2023\/06\/ALASKA_KUEHLUNG_Fotoshooting-\u00a9BacherFelix-7851.jpg\" class=\"elementor-column elementor-col-50 elementor-top-column elementor-element elementor-element-5959822 animated-slow elementor-invisible\" data-id=\"5959822\" data-element_type=\"column\" data-e-type=\"column\" data-settings=\"{&quot;background_background&quot;:&quot;classic&quot;,&quot;animation&quot;:&quot;slideInLeft&quot;,&quot;animation_delay&quot;:200}\">\n\t\t\t<div class=\"elementor-widget-wrap elementor-element-populated\">\n\t\t\t\t\t\t<div class=\"elementor-element elementor-element-e502e64 elementor-widget elementor-widget-spacer\" data-id=\"e502e64\" data-element_type=\"widget\" data-e-type=\"widget\" data-widget_type=\"spacer.default\">\n\t\t\t\t<div class=\"elementor-widget-container\">\n\t\t\t\t\t\t\t<div class=\"elementor-spacer\">\n\t\t\t<div class=\"elementor-spacer-inner\"><\/div>\n\t\t<\/div>\n\t\t\t\t\t\t<\/div>\n\t\t\t\t<\/div>\n\t\t\t\t\t<\/div>\n\t\t<\/div>\n\t\t\t\t\t<\/div>\n\t\t<\/section>\n\t\t\t\t<\/div>\n\t\t","protected":false},"excerpt":{"rendered":"<p>SERVIZI Come lavoriamo A nostro avviso fornire un&#8217;assistenza clienti professionale \u00e8 di estrema importanza anche dopo l&#8217;acquisto: i nostri tecnici esperti lavorano in modo rapido ed affidabile. Eseguono qualsiasi opera di manutenzione cos\u00ec come i necessari interventi di routine in maniera puntuale \u2013 e questo anche di domenica e nei giorni festivi, basta una telefonata. [&hellip;]<\/p>\n","protected":false},"author":1,"featured_media":0,"parent":0,"menu_order":0,"comment_status":"closed","ping_status":"closed","template":"elementor_header_footer","meta":{"footnotes":""},"class_list":["post-4281","page","type-page","status-publish","hentry"],"yoast_head":"<!-- This site is optimized with the Yoast SEO plugin v27.3 - https:\/\/yoast.com\/product\/yoast-seo-wordpress\/ -->\n<title>PIANIFICAZIONE E SERVIZI | Alaska K\u00fchlung | Kundenbetreuung<\/title>\n<meta name=\"description\" content=\"Professionelle Kundenbetreuung ist f\u00fcr uns auch nach dem Kauf von h\u00f6chster Relevanz. Unsere Servicetechniker arbeiten schnell &amp; zuverl\u00e4ssig\" \/>\n<meta name=\"robots\" content=\"index, follow, max-snippet:-1, max-image-preview:large, max-video-preview:-1\" \/>\n<link rel=\"canonical\" href=\"https:\/\/alaska-kuehlung.it\/planung-kundendienst\/\" \/>\n<meta property=\"og:locale\" content=\"it_IT\" \/>\n<meta property=\"og:type\" content=\"article\" \/>\n<meta property=\"og:title\" content=\"PIANIFICAZIONE E SERVIZI | Alaska K\u00fchlung | Kundenbetreuung\" \/>\n<meta property=\"og:description\" content=\"Professionelle Kundenbetreuung ist f\u00fcr uns auch nach dem Kauf von h\u00f6chster Relevanz. Unsere Servicetechniker arbeiten schnell &amp; zuverl\u00e4ssig\" \/>\n<meta property=\"og:url\" content=\"https:\/\/alaska-kuehlung.it\/planung-kundendienst\/\" \/>\n<meta property=\"og:site_name\" content=\"Alaska\" \/>\n<meta property=\"article:modified_time\" content=\"2023-06-23T07:53:32+00:00\" \/>\n<meta name=\"twitter:card\" content=\"summary_large_image\" \/>\n<meta name=\"twitter:label1\" content=\"Tempo di lettura stimato\" \/>\n\t<meta name=\"twitter:data1\" content=\"1 minuto\" \/>\n<script type=\"application\/ld+json\" class=\"yoast-schema-graph\">{\"@context\":\"https:\\\/\\\/schema.org\",\"@graph\":[{\"@type\":\"WebPage\",\"@id\":\"https:\\\/\\\/alaska-kuehlung.it\\\/planung-kundendienst\\\/\",\"url\":\"https:\\\/\\\/alaska-kuehlung.it\\\/planung-kundendienst\\\/\",\"name\":\"PIANIFICAZIONE E SERVIZI | Alaska K\u00fchlung | Kundenbetreuung\",\"isPartOf\":{\"@id\":\"https:\\\/\\\/alaska-kuehlung.it\\\/#website\"},\"datePublished\":\"2021-07-09T07:29:51+00:00\",\"dateModified\":\"2023-06-23T07:53:32+00:00\",\"description\":\"Professionelle Kundenbetreuung ist f\u00fcr uns auch nach dem Kauf von h\u00f6chster Relevanz. Unsere Servicetechniker arbeiten schnell & zuverl\u00e4ssig\",\"breadcrumb\":{\"@id\":\"https:\\\/\\\/alaska-kuehlung.it\\\/planung-kundendienst\\\/#breadcrumb\"},\"inLanguage\":\"it-IT\",\"potentialAction\":[{\"@type\":\"ReadAction\",\"target\":[\"https:\\\/\\\/alaska-kuehlung.it\\\/planung-kundendienst\\\/\"]}]},{\"@type\":\"BreadcrumbList\",\"@id\":\"https:\\\/\\\/alaska-kuehlung.it\\\/planung-kundendienst\\\/#breadcrumb\",\"itemListElement\":[{\"@type\":\"ListItem\",\"position\":1,\"name\":\"Startseite\",\"item\":\"https:\\\/\\\/alaska-kuehlung.it\\\/it\\\/\"},{\"@type\":\"ListItem\",\"position\":2,\"name\":\"PIANIFICAZIONE E SERVIZI\"}]},{\"@type\":\"WebSite\",\"@id\":\"https:\\\/\\\/alaska-kuehlung.it\\\/#website\",\"url\":\"https:\\\/\\\/alaska-kuehlung.it\\\/\",\"name\":\"Alaska\",\"description\":\"K\u00fchlung\",\"publisher\":{\"@id\":\"https:\\\/\\\/alaska-kuehlung.it\\\/#organization\"},\"potentialAction\":[{\"@type\":\"SearchAction\",\"target\":{\"@type\":\"EntryPoint\",\"urlTemplate\":\"https:\\\/\\\/alaska-kuehlung.it\\\/?s={search_term_string}\"},\"query-input\":{\"@type\":\"PropertyValueSpecification\",\"valueRequired\":true,\"valueName\":\"search_term_string\"}}],\"inLanguage\":\"it-IT\"},{\"@type\":\"Organization\",\"@id\":\"https:\\\/\\\/alaska-kuehlung.it\\\/#organization\",\"name\":\"Alaska K\u00fchlung\",\"url\":\"https:\\\/\\\/alaska-kuehlung.it\\\/\",\"logo\":{\"@type\":\"ImageObject\",\"inLanguage\":\"it-IT\",\"@id\":\"https:\\\/\\\/alaska-kuehlung.it\\\/#\\\/schema\\\/logo\\\/image\\\/\",\"url\":\"https:\\\/\\\/alaska-kuehlung.it\\\/wp-content\\\/uploads\\\/2021\\\/06\\\/Alaska-Kuehlung-Suedtirol.svg\",\"contentUrl\":\"https:\\\/\\\/alaska-kuehlung.it\\\/wp-content\\\/uploads\\\/2021\\\/06\\\/Alaska-Kuehlung-Suedtirol.svg\",\"width\":1,\"height\":1,\"caption\":\"Alaska K\u00fchlung\"},\"image\":{\"@id\":\"https:\\\/\\\/alaska-kuehlung.it\\\/#\\\/schema\\\/logo\\\/image\\\/\"}}]}<\/script>\n<!-- \/ Yoast SEO plugin. -->","yoast_head_json":{"title":"PIANIFICAZIONE E SERVIZI | Alaska K\u00fchlung | Kundenbetreuung","description":"Professionelle Kundenbetreuung ist f\u00fcr uns auch nach dem Kauf von h\u00f6chster Relevanz. Unsere Servicetechniker arbeiten schnell & zuverl\u00e4ssig","robots":{"index":"index","follow":"follow","max-snippet":"max-snippet:-1","max-image-preview":"max-image-preview:large","max-video-preview":"max-video-preview:-1"},"canonical":"https:\/\/alaska-kuehlung.it\/planung-kundendienst\/","og_locale":"it_IT","og_type":"article","og_title":"PIANIFICAZIONE E SERVIZI | Alaska K\u00fchlung | Kundenbetreuung","og_description":"Professionelle Kundenbetreuung ist f\u00fcr uns auch nach dem Kauf von h\u00f6chster Relevanz. Unsere Servicetechniker arbeiten schnell & zuverl\u00e4ssig","og_url":"https:\/\/alaska-kuehlung.it\/planung-kundendienst\/","og_site_name":"Alaska","article_modified_time":"2023-06-23T07:53:32+00:00","twitter_card":"summary_large_image","twitter_misc":{"Tempo di lettura stimato":"1 minuto"},"schema":{"@context":"https:\/\/schema.org","@graph":[{"@type":"WebPage","@id":"https:\/\/alaska-kuehlung.it\/planung-kundendienst\/","url":"https:\/\/alaska-kuehlung.it\/planung-kundendienst\/","name":"PIANIFICAZIONE E SERVIZI | Alaska K\u00fchlung | Kundenbetreuung","isPartOf":{"@id":"https:\/\/alaska-kuehlung.it\/#website"},"datePublished":"2021-07-09T07:29:51+00:00","dateModified":"2023-06-23T07:53:32+00:00","description":"Professionelle Kundenbetreuung ist f\u00fcr uns auch nach dem Kauf von h\u00f6chster Relevanz. Unsere Servicetechniker arbeiten schnell & zuverl\u00e4ssig","breadcrumb":{"@id":"https:\/\/alaska-kuehlung.it\/planung-kundendienst\/#breadcrumb"},"inLanguage":"it-IT","potentialAction":[{"@type":"ReadAction","target":["https:\/\/alaska-kuehlung.it\/planung-kundendienst\/"]}]},{"@type":"BreadcrumbList","@id":"https:\/\/alaska-kuehlung.it\/planung-kundendienst\/#breadcrumb","itemListElement":[{"@type":"ListItem","position":1,"name":"Startseite","item":"https:\/\/alaska-kuehlung.it\/it\/"},{"@type":"ListItem","position":2,"name":"PIANIFICAZIONE E SERVIZI"}]},{"@type":"WebSite","@id":"https:\/\/alaska-kuehlung.it\/#website","url":"https:\/\/alaska-kuehlung.it\/","name":"Alaska","description":"K\u00fchlung","publisher":{"@id":"https:\/\/alaska-kuehlung.it\/#organization"},"potentialAction":[{"@type":"SearchAction","target":{"@type":"EntryPoint","urlTemplate":"https:\/\/alaska-kuehlung.it\/?s={search_term_string}"},"query-input":{"@type":"PropertyValueSpecification","valueRequired":true,"valueName":"search_term_string"}}],"inLanguage":"it-IT"},{"@type":"Organization","@id":"https:\/\/alaska-kuehlung.it\/#organization","name":"Alaska K\u00fchlung","url":"https:\/\/alaska-kuehlung.it\/","logo":{"@type":"ImageObject","inLanguage":"it-IT","@id":"https:\/\/alaska-kuehlung.it\/#\/schema\/logo\/image\/","url":"https:\/\/alaska-kuehlung.it\/wp-content\/uploads\/2021\/06\/Alaska-Kuehlung-Suedtirol.svg","contentUrl":"https:\/\/alaska-kuehlung.it\/wp-content\/uploads\/2021\/06\/Alaska-Kuehlung-Suedtirol.svg","width":1,"height":1,"caption":"Alaska K\u00fchlung"},"image":{"@id":"https:\/\/alaska-kuehlung.it\/#\/schema\/logo\/image\/"}}]}},"_links":{"self":[{"href":"https:\/\/alaska-kuehlung.it\/it\/wp-json\/wp\/v2\/pages\/4281","targetHints":{"allow":["GET"]}}],"collection":[{"href":"https:\/\/alaska-kuehlung.it\/it\/wp-json\/wp\/v2\/pages"}],"about":[{"href":"https:\/\/alaska-kuehlung.it\/it\/wp-json\/wp\/v2\/types\/page"}],"author":[{"embeddable":true,"href":"https:\/\/alaska-kuehlung.it\/it\/wp-json\/wp\/v2\/users\/1"}],"replies":[{"embeddable":true,"href":"https:\/\/alaska-kuehlung.it\/it\/wp-json\/wp\/v2\/comments?post=4281"}],"version-history":[{"count":3,"href":"https:\/\/alaska-kuehlung.it\/it\/wp-json\/wp\/v2\/pages\/4281\/revisions"}],"predecessor-version":[{"id":4810,"href":"https:\/\/alaska-kuehlung.it\/it\/wp-json\/wp\/v2\/pages\/4281\/revisions\/4810"}],"wp:attachment":[{"href":"https:\/\/alaska-kuehlung.it\/it\/wp-json\/wp\/v2\/media?parent=4281"}],"curies":[{"name":"wp","href":"https:\/\/api.w.org\/{rel}","templated":true}]}}